{"id":655,"date":"2022-09-06T06:30:28","date_gmt":"2022-09-06T06:30:28","guid":{"rendered":"https:\/\/bioxxmed.ag\/?page_id=655"},"modified":"2024-09-02T08:14:35","modified_gmt":"2024-09-02T08:14:35","slug":"ad-hoc-mitteilungen","status":"publish","type":"page","link":"https:\/\/bioxxmed.ag\/en\/ad-hoc-mitteilungen\/","title":{"rendered":"ad-hoc notification"},"content":{"rendered":"<div data-elementor-type=\"wp-page\" data-elementor-id=\"655\" class=\"elementor elementor-655\">\n\t\t\t\t\t\t<section class=\"elementor-section elementor-top-section elementor-element elementor-element-793e72e elementor-section-boxed elementor-section-height-default elementor-section-height-default\" data-id=\"793e72e\" data-element_type=\"section\">\n\t\t\t\t\t\t<div class=\"elementor-container elementor-column-gap-default\">\n\t\t\t\t\t<div class=\"elementor-column elementor-col-100 elementor-top-column elementor-element elementor-element-ad78d37\" data-id=\"ad78d37\" data-element_type=\"column\">\n\t\t\t<div class=\"elementor-widget-wrap elementor-element-populated\">\n\t\t\t\t\t\t<section class=\"elementor-section elementor-inner-section elementor-element elementor-element-9fc07c9 elementor-section-height-min-height header-image-block elementor-section-boxed elementor-section-height-default\" data-id=\"9fc07c9\" data-element_type=\"section\">\n\t\t\t\t\t\t\t<div class=\"elementor-background-overlay\"><\/div>\n\t\t\t\t\t\t\t<div class=\"elementor-container elementor-column-gap-default\">\n\t\t\t\t\t<div class=\"elementor-column elementor-col-100 elementor-inner-column elementor-element elementor-element-5fc306d\" data-id=\"5fc306d\" data-element_type=\"column\">\n\t\t\t<div class=\"elementor-widget-wrap elementor-element-populated\">\n\t\t\t\t\t\t<div class=\"elementor-element elementor-element-560eeb2 elementor-hidden-desktop elementor-hidden-tablet elementor-hidden-mobile elementor-widget elementor-widget-image\" data-id=\"560eeb2\" data-element_type=\"widget\" data-widget_type=\"image.default\">\n\t\t\t\t<div class=\"elementor-widget-container\">\n\t\t\t\t\t\t\t\t\t\t\t\t\t\t\t<img fetchpriority=\"high\" decoding=\"async\" width=\"1181\" height=\"709\" src=\"https:\/\/bioxxmed.ag\/wp-content\/uploads\/2022\/08\/Depositphotos_84457892_LR-full.jpg\" class=\"attachment-full size-full wp-image-107\" alt=\"\" srcset=\"https:\/\/bioxxmed.ag\/wp-content\/uploads\/2022\/08\/Depositphotos_84457892_LR-full.jpg 1181w, https:\/\/bioxxmed.ag\/wp-content\/uploads\/2022\/08\/Depositphotos_84457892_LR-full-300x180.jpg 300w, https:\/\/bioxxmed.ag\/wp-content\/uploads\/2022\/08\/Depositphotos_84457892_LR-full-1024x615.jpg 1024w, https:\/\/bioxxmed.ag\/wp-content\/uploads\/2022\/08\/Depositphotos_84457892_LR-full-768x461.jpg 768w\" sizes=\"(max-width: 1181px) 100vw, 1181px\" \/>\t\t\t\t\t\t\t\t\t\t\t\t\t\t\t<\/div>\n\t\t\t\t<\/div>\n\t\t\t\t\t<\/div>\n\t\t<\/div>\n\t\t\t\t\t<\/div>\n\t\t<\/section>\n\t\t\t\t\t<\/div>\n\t\t<\/div>\n\t\t\t\t\t<\/div>\n\t\t<\/section>\n\t\t\t\t<section class=\"elementor-section elementor-top-section elementor-element elementor-element-458080e elementor-section-boxed elementor-section-height-default elementor-section-height-default\" data-id=\"458080e\" data-element_type=\"section\">\n\t\t\t\t\t\t<div class=\"elementor-container elementor-column-gap-default\">\n\t\t\t\t\t<div class=\"elementor-column elementor-col-100 elementor-top-column elementor-element elementor-element-ce3b6e8\" data-id=\"ce3b6e8\" data-element_type=\"column\">\n\t\t\t<div class=\"elementor-widget-wrap elementor-element-populated\">\n\t\t\t\t\t\t<section class=\"elementor-section elementor-inner-section elementor-element elementor-element-aa126c4 elementor-section-boxed elementor-section-height-default elementor-section-height-default\" data-id=\"aa126c4\" data-element_type=\"section\">\n\t\t\t\t\t\t<div class=\"elementor-container elementor-column-gap-default\">\n\t\t\t\t\t<div class=\"elementor-column elementor-col-100 elementor-inner-column elementor-element elementor-element-28d71c9\" data-id=\"28d71c9\" data-element_type=\"column\">\n\t\t\t<div class=\"elementor-widget-wrap elementor-element-populated\">\n\t\t\t\t\t\t<div class=\"elementor-element elementor-element-0564150 custom-break-text elementor-widget elementor-widget-heading\" data-id=\"0564150\" data-element_type=\"widget\" data-widget_type=\"heading.default\">\n\t\t\t\t<div class=\"elementor-widget-container\">\n\t\t\t\t\t<h1 class=\"elementor-heading-title elementor-size-default\">Ad-hoc Announcements<\/h1>\t\t\t\t<\/div>\n\t\t\t\t<\/div>\n\t\t\t\t<div class=\"elementor-element elementor-element-da370a6 elementor-widget elementor-widget-heading\" data-id=\"da370a6\" data-element_type=\"widget\" data-widget_type=\"heading.default\">\n\t\t\t\t<div class=\"elementor-widget-container\">\n\t\t\t\t\t<h2 class=\"elementor-heading-title elementor-size-default\">Here you can find ad-hoc announcements of bioXXmed AG according to Art. 17 MAR:<\/h2>\t\t\t\t<\/div>\n\t\t\t\t<\/div>\n\t\t\t\t<div class=\"elementor-element elementor-element-436c5f2 elementor-widget elementor-widget-shortcode\" data-id=\"436c5f2\" data-element_type=\"widget\" data-widget_type=\"shortcode.default\">\n\t\t\t\t<div class=\"elementor-widget-container\">\n\t\t\t\t\t\t\t<div class=\"elementor-shortcode\"><div class=\"acc-container\"><div class=\"acc\"><div class=\"acc-head\"><p>2024 \/ 2025<\/p><\/div><div class=\"acc-content\"><p><p>04\/09\/2025<\/p>\n<\/p><div class=\"content-link\"><ul><li><a href=\"https:\/\/bioxxmed.ag\/wp-content\/uploads\/2025\/09\/2025-09-04_Ad-hoc_2024_Prognose.pdf\" target=\"_blank\">Ergebnis f\u00fcr das Gesch\u00e4ftsjahr 2024 \u2013 Prognose f\u00fcr das Gesch\u00e4ftsjahr 2025<\/a><\/li><\/ul><\/div><p><p>28\/08\/2025<\/p>\n<\/p><div class=\"content-link\"><ul><li><a href=\"https:\/\/bioxxmed.ag\/wp-content\/uploads\/2025\/08\/2025-08-28_bioXXmed_adhoc-Veroeffentlichung.pdf\" target=\"_blank\">Ergebnis M&A-Prozess \/ Kapitalma\u00dfnahmen<\/a><\/li><\/ul><\/div><p><p>21\/02\/2025<\/p>\n<\/p><div class=\"content-link\"><ul><li><a href=\"https:\/\/bioxxmed.ag\/wp-content\/uploads\/2025\/02\/Ausgabe-einer-Wandelschuldverschreibung.pdf\" target=\"_blank\">Ausgabe Wandelschuldverschreibung<\/a><\/li><\/ul><\/div><p><p>28\/11\/2024<\/p>\n<\/p><div class=\"content-link\"><ul><li><a href=\"https:\/\/bioxxmed.ag\/wp-content\/uploads\/2024\/11\/20241128-Strategie-1.pdf\" target=\"_blank\">Neue Strategie<\/a><\/li><\/ul><\/div><p><p>01\/10\/2024<\/p>\n<\/p><div class=\"content-link\"><ul><li><a href=\"https:\/\/bioxxmed.ag\/wp-content\/uploads\/2024\/10\/2024-Oct-01-KE-abgeschlossen.pdf\" target=\"_blank\">Kapitalerh\u00f6hung abgeschlossen<\/a><\/li><\/ul><\/div><p><p>13\/08\/2024<\/p>\n<\/p><div class=\"content-link\"><ul><li><a href=\"https:\/\/bioxxmed.ag\/wp-content\/uploads\/2024\/08\/2024-AUG-13-ad-hoc-KE-Massnahme-002.pdf\" target=\"_blank\">Abschluss von Backstop-Vereinbarungen<\/a><\/li><\/ul><\/div><p><p>20\/06\/2024<\/p>\n<\/p><div class=\"content-link\"><ul><li><a href=\"https:\/\/bioxxmed.ag\/wp-content\/uploads\/2024\/06\/240620-EW-Ad-hoc-Signing-Asset-Deal9353-1.pdf\" target=\"_blank\">Signing Asset Deal<\/a><\/li><\/ul><\/div><p><p>14\/05\/2024<\/p>\n<\/p><div class=\"content-link\"><ul><li><a href=\"https:\/\/bioxxmed.ag\/wp-content\/uploads\/2024\/05\/20240514-Ad-hoc-Zustimmung-Asset-Deal-1.pdf\" target=\"_blank\">Asset Deal<\/a><\/li><\/ul><\/div><\/div><\/div><div class=\"acc\"><div class=\"acc-head\"><p>2022 \/ 2023<\/p><\/div><div class=\"acc-content\"><p><p>21\/11\/2023<\/p>\n<\/p><div class=\"content-link\"><ul><li><a href=\"https:\/\/bioxxmed.ag\/wp-content\/uploads\/2023\/11\/2023-11-20-ad-hoc-bioxxmed-.pdf\" target=\"_blank\">2023\/11\/21 Amtsniederlegung im Aufsichtsrat<\/a><\/li><\/ul><\/div><p><p>13\/11\/2023<\/p>\n<\/p><div class=\"content-link\"><ul><li><a href=\"https:\/\/bioxxmed.ag\/wp-content\/uploads\/2023\/11\/2023-11-13-ad-hoc-bioxxmed.pdf\" target=\"_blank\">2023-11-13 Einberufung au\u00dferordentliche HV<\/a><\/li><\/ul><\/div><p><p>31\/10\/2023<\/p>\n<\/p><div class=\"content-link\"><ul><li><a href=\"https:\/\/bioxxmed.ag\/wp-content\/uploads\/2023\/11\/2023-10-31-ad-hoc-bioxxmed-final.pdf\" target=\"_blank\">2023-10-31 ad hoc<\/a><\/li><\/ul><\/div><p><p>08\/03\/2022<\/p>\n<\/p><div class=\"content-link\"><ul><li><a href=\"https:\/\/bioxxmed.ag\/wp-content\/uploads\/2022\/09\/2022-03-08-ad-hoc-Einigungsvertrag.pdf\" target=\"_blank\">2022-03-08 ad hoc - Einigungsvertrag<\/a><\/li><\/ul><\/div><p><p>15\/02\/2022<\/p>\n<\/p><div class=\"content-link\"><ul><li><a href=\"https:\/\/bioxxmed.ag\/wp-content\/uploads\/2022\/09\/2022-15-02-ad-hoc-DGAP.pdf\" target=\"_blank\">2022-15-02 ad hoc DGAP<\/a><\/li><\/ul><\/div><\/div><\/div><div class=\"acc\"><div class=\"acc-head\"><p>2021<\/p><\/div><div class=\"acc-content\"><p><p>24\/11\/2021<\/p>\n<\/p><div class=\"content-link\"><ul><li><a href=\"https:\/\/bioxxmed.ag\/wp-content\/uploads\/2022\/11\/2021-11-24-Ad-hoc-CytoTools-HV-12-21.pdf\" target=\"_blank\">2021-11-24 Ad hoc CytoTools HV 12-21<\/a><\/li><\/ul><\/div><p><p>07\/10\/2021<\/p>\n<\/p><div class=\"content-link\"><ul><li><a href=\"https:\/\/bioxxmed.ag\/wp-content\/uploads\/2022\/11\/2021-10-07-Vorschau-Ad-hoc.pdf\" target=\"_blank\">ao Hauptversammlung geplant zur Genehmigung von neuem Kapital<\/a><\/li><\/ul><\/div><p><p>29\/09\/2021<\/p>\n<\/p><div class=\"content-link\"><ul><li><a href=\"https:\/\/bioxxmed.ag\/wp-content\/uploads\/2022\/11\/20210929_CTT_AH_Vorstand_deu_fin.pdf\" target=\"_blank\">CytoTools AG h\u00e4lt vollst\u00e4ndige \u00c4nderung von Vorstand und Aufsichtsrat in Folge der HV f\u00fcr m\u00f6glich<\/a><\/li><\/ul><\/div><p><p>29\/06\/2021<\/p>\n<\/p><div class=\"content-link\"><ul><li><a href=\"https:\/\/bioxxmed.ag\/wp-content\/uploads\/2022\/11\/20210629_CT_AH_KE-Vorschlag_deu.pdf\" target=\"_blank\">Vorstand und Aufsichtsrat werden der Hauptversammlung eine ordentliche Kapitalerh\u00f6hung vorschlagen<\/a><\/li><\/ul><\/div><\/div><\/div><div class=\"acc\"><div class=\"acc-head\"><p>2020<\/p><\/div><div class=\"acc-content\"><p><p>19\/08\/2020<\/p>\n<\/p><div class=\"content-link\"><ul><li><a href=\"https:\/\/bioxxmed.ag\/wp-content\/uploads\/2022\/11\/200818_KE_CytoToolsAdHocfinal.pdf\" target=\"_blank\">CytoTools beschlie\u00dft Barkapitalerh\u00f6hung unter Ausschluss des Bezugsrechts in H\u00f6he von zehn Prozent des Grundkapitals<\/a><\/li><\/ul><\/div><\/div><\/div><div class=\"acc\"><div class=\"acc-head\"><p>2019<\/p><\/div><div class=\"acc-content\"><p><p>31\/10\/2019<\/p>\n<\/p><div class=\"content-link\"><ul><li><a href=\"https:\/\/bioxxmed.ag\/wp-content\/uploads\/2022\/11\/191031_Ad-Hoc_DermaPro_Zulassung_Indien_final.pdf\" target=\"_blank\">CytoTools AG erh\u00e4lt Marktzulassung in Indien<\/a><\/li><\/ul><\/div><p><p>08\/04\/2019<\/p>\n<\/p><div class=\"content-link\"><ul><li><a href=\"https:\/\/bioxxmed.ag\/wp-content\/uploads\/2022\/11\/d_CytoTools_WA_final_08_04_2019.pdf\" target=\"_blank\">Vorstand und Aufsichtsrat beschlie\u00dfen Ausgabe einer weiteren Tranche der Wandelanleihe<\/a><\/li><\/ul><\/div><p><p>16\/01\/2019<\/p>\n<\/p><div class=\"content-link\"><ul><\/ul><\/div><\/div><\/div><div class=\"acc\"><div class=\"acc-head\"><p>2018<\/p><\/div><div class=\"acc-content\"><p><p>09\/11\/2018<\/p>\n<\/p><div class=\"content-link\"><ul><li><a href=\"https:\/\/bioxxmed.ag\/wp-content\/uploads\/2022\/11\/ad-hoc_CytoTools_Kapitalerhoehung-2018-final.pdf\" target=\"_blank\">Vorstand und Aufsichtsrat beschlie\u00dfen Kapitalerh\u00f6hung<\/a><\/li><\/ul><\/div><p><p>24\/07\/2018<\/p>\n<\/p><div class=\"content-link\"><ul><li><a href=\"https:\/\/bioxxmed.ag\/wp-content\/uploads\/2022\/11\/d_CytoTools_WA0_final.pdf\" target=\"_blank\">Vorstand und Aufsichtsrat beschlie\u00dfen Ausgabe einer weiteren Tranche der Wandelanleihe<\/a><\/li><\/ul><\/div><p><p>18\/05\/2018<\/p>\n<\/p><div class=\"content-link\"><ul><li><a href=\"https:\/\/bioxxmed.ag\/wp-content\/uploads\/2022\/11\/d_CytoTools_Ausgabe_Wandelanleihe.pdf\" target=\"_blank\">Vorstand und Aufsichtsrat beschlie\u00dfen Ausgabe einer Wandelanleihe<\/a><\/li><\/ul><\/div><\/div><\/div><div class=\"acc\"><div class=\"acc-head\"><p>2017<\/p><\/div><div class=\"acc-content\"><p><p>30\/10\/2017<\/p>\n<\/p><div class=\"content-link\"><ul><li><a href=\"https:\/\/bioxxmed.ag\/wp-content\/uploads\/2022\/11\/d_CytoTools_WA_final.pdf\" target=\"_blank\">CytoTools schafft Voraussetzung zur Wiederaufnahme der klinischen Entwicklungen in Europa<\/a><\/li><\/ul><\/div><p><p>31\/05\/2017<\/p>\n<\/p><div class=\"content-link\"><ul><li><a href=\"https:\/\/bioxxmed.ag\/wp-content\/uploads\/2022\/11\/d_CytoTools_Vst_AH_final.pdf\" target=\"_blank\">CytoTools AG gibt Ver\u00e4nderung im Vorstand bekannt<\/a><\/li><\/ul><\/div><p><p>21\/04\/2017<\/p>\n<\/p><div class=\"content-link\"><ul><li><a href=\"https:\/\/bioxxmed.ag\/wp-content\/uploads\/2022\/11\/d_CytoTools_Kapitalerhoehung_2017_AH_final.pdf\" target=\"_blank\">Kapitalerh\u00f6hung<\/a><\/li><\/ul><\/div><p><p>30\/03\/2017<\/p>\n<\/p><div class=\"content-link\"><ul><li><a href=\"https:\/\/bioxxmed.ag\/wp-content\/uploads\/2022\/11\/2017_03_30_AdHoc_Wandler_KE_final.pdf\" target=\"_blank\">Wandelanleihe - Kapitalerh\u00f6hung<\/a><\/li><\/ul><\/div><p><p>24\/03\/2017<\/p>\n<\/p><div class=\"content-link\"><ul><li><a href=\"https:\/\/bioxxmed.ag\/wp-content\/uploads\/2022\/11\/Ad-Hoc_DermaPro_Zulassung_Indien.pdf\" target=\"_blank\">Marktzulassung DermaPro in Indien<\/a><\/li><\/ul><\/div><\/div><\/div><\/div><\/div>\n\t\t\t\t\t\t<\/div>\n\t\t\t\t<\/div>\n\t\t\t\t\t<\/div>\n\t\t<\/div>\n\t\t\t\t\t<\/div>\n\t\t<\/section>\n\t\t\t\t\t<\/div>\n\t\t<\/div>\n\t\t\t\t\t<\/div>\n\t\t<\/section>\n\t\t\t\t<\/div>","protected":false},"excerpt":{"rendered":"<p>Ad-hoc Announcements Here you can find ad-hoc announcements of bioXXmed AG according to Art. 17 MAR:<\/p>","protected":false},"author":2,"featured_media":0,"parent":0,"menu_order":0,"comment_status":"closed","ping_status":"closed","template":"","meta":{"_acf_changed":false,"inline_featured_image":false,"footnotes":""},"class_list":["post-655","page","type-page","status-publish","hentry"],"acf":[],"_links":{"self":[{"href":"https:\/\/bioxxmed.ag\/en\/wp-json\/wp\/v2\/pages\/655","targetHints":{"allow":["GET"]}}],"collection":[{"href":"https:\/\/bioxxmed.ag\/en\/wp-json\/wp\/v2\/pages"}],"about":[{"href":"https:\/\/bioxxmed.ag\/en\/wp-json\/wp\/v2\/types\/page"}],"author":[{"embeddable":true,"href":"https:\/\/bioxxmed.ag\/en\/wp-json\/wp\/v2\/users\/2"}],"replies":[{"embeddable":true,"href":"https:\/\/bioxxmed.ag\/en\/wp-json\/wp\/v2\/comments?post=655"}],"version-history":[{"count":43,"href":"https:\/\/bioxxmed.ag\/en\/wp-json\/wp\/v2\/pages\/655\/revisions"}],"predecessor-version":[{"id":1985,"href":"https:\/\/bioxxmed.ag\/en\/wp-json\/wp\/v2\/pages\/655\/revisions\/1985"}],"wp:attachment":[{"href":"https:\/\/bioxxmed.ag\/en\/wp-json\/wp\/v2\/media?parent=655"}],"curies":[{"name":"wp","href":"https:\/\/api.w.org\/{rel}","templated":true}]}}