{"id":574,"date":"2022-09-06T05:52:17","date_gmt":"2022-09-06T05:52:17","guid":{"rendered":"https:\/\/bioxxmed.ag\/?page_id=574"},"modified":"2022-11-10T06:00:47","modified_gmt":"2022-11-10T06:00:47","slug":"strategie","status":"publish","type":"page","link":"https:\/\/bioxxmed.ag\/en\/strategie\/","title":{"rendered":"Investment strategy"},"content":{"rendered":"<div data-elementor-type=\"wp-page\" data-elementor-id=\"574\" class=\"elementor elementor-574\">\n\t\t\t\t\t\t<section class=\"elementor-section elementor-top-section elementor-element elementor-element-d86fcf9 elementor-section-boxed elementor-section-height-default elementor-section-height-default\" data-id=\"d86fcf9\" data-element_type=\"section\">\n\t\t\t\t\t\t<div class=\"elementor-container elementor-column-gap-default\">\n\t\t\t\t\t<div class=\"elementor-column elementor-col-100 elementor-top-column elementor-element elementor-element-6d7a7ed\" data-id=\"6d7a7ed\" data-element_type=\"column\">\n\t\t\t<div class=\"elementor-widget-wrap elementor-element-populated\">\n\t\t\t\t\t\t<section class=\"elementor-section elementor-inner-section elementor-element elementor-element-62c2c9a elementor-section-boxed elementor-section-height-default elementor-section-height-default\" data-id=\"62c2c9a\" data-element_type=\"section\">\n\t\t\t\t\t\t<div class=\"elementor-container elementor-column-gap-default\">\n\t\t\t\t\t<div class=\"elementor-column elementor-col-100 elementor-inner-column elementor-element elementor-element-aaa1554\" data-id=\"aaa1554\" data-element_type=\"column\">\n\t\t\t<div class=\"elementor-widget-wrap elementor-element-populated\">\n\t\t\t\t\t\t<div class=\"elementor-element elementor-element-fe3baa6 elementor-invisible elementor-widget elementor-widget-heading\" data-id=\"fe3baa6\" data-element_type=\"widget\" data-settings=\"{&quot;_animation&quot;:&quot;slideInUp&quot;}\" data-widget_type=\"heading.default\">\n\t\t\t\t<div class=\"elementor-widget-container\">\n\t\t\t\t\t<h1 class=\"elementor-heading-title elementor-size-default\">Creating sustainable value<\/h1>\t\t\t\t<\/div>\n\t\t\t\t<\/div>\n\t\t\t\t<div class=\"elementor-element elementor-element-6598826 elementor-invisible elementor-widget elementor-widget-heading\" data-id=\"6598826\" data-element_type=\"widget\" data-settings=\"{&quot;_animation&quot;:&quot;slideInUp&quot;}\" data-widget_type=\"heading.default\">\n\t\t\t\t<div class=\"elementor-widget-container\">\n\t\t\t\t\t<h2 class=\"elementor-heading-title elementor-size-default\">Robust investments in global health<\/h2>\t\t\t\t<\/div>\n\t\t\t\t<\/div>\n\t\t\t\t<div class=\"elementor-element elementor-element-40a701b elementor-invisible elementor-widget elementor-widget-text-editor\" data-id=\"40a701b\" data-element_type=\"widget\" data-settings=\"{&quot;_animation&quot;:&quot;slideInUp&quot;}\" data-widget_type=\"text-editor.default\">\n\t\t\t\t<div class=\"elementor-widget-container\">\n\t\t\t\t\t\t\t\t\t<p>The objective of bioXXmed AG is to develop innovative products for the diagnosis, relief, or cure of diseases by investing in the equity of medical companies. As an active owner, bioXXmed AG enables groundbreaking innovations in biomedicine. This creates sustainable values for the shareholders of bioXXmed AG, the patients and makes a contribution to the economic efficiency of healthcare systems worldwide.<\/p><p>In the long term, bioXXmed AG aims to broaden its existing project portfolio. Interesting target companies have patented, application-oriented technologies or products with a long remaining patent  life and a target indication displaying a therapeutic need for improvement (\"medical need\"). bioXXmed AG relies on the diversification of its portfolio. The focus is currently on the holding DermaTools Biotech GmbH, and thus the segment of the treatment of chronic wounds.<\/p><p>bioXXmed AG has the necessary scientific and commercial resources to evaluate projects that meet the defined investment criteria. As an active owner, we constantly monitor and analyse the development of our shareholdings. In doing so, bioXXmed AG combines scientific evaluation and practical management, thereby increasing the value of the investment over the long term. <\/p>\t\t\t\t\t\t\t\t<\/div>\n\t\t\t\t<\/div>\n\t\t\t\t\t<\/div>\n\t\t<\/div>\n\t\t\t\t\t<\/div>\n\t\t<\/section>\n\t\t\t\t\t<\/div>\n\t\t<\/div>\n\t\t\t\t\t<\/div>\n\t\t<\/section>\n\t\t\t\t<section class=\"elementor-section elementor-top-section elementor-element elementor-element-69a538c elementor-section-boxed elementor-section-height-default elementor-section-height-default\" data-id=\"69a538c\" data-element_type=\"section\">\n\t\t\t\t\t\t<div class=\"elementor-container elementor-column-gap-default\">\n\t\t\t\t\t<div class=\"elementor-column elementor-col-100 elementor-top-column elementor-element elementor-element-3350e22\" data-id=\"3350e22\" data-element_type=\"column\">\n\t\t\t<div class=\"elementor-widget-wrap elementor-element-populated\">\n\t\t\t\t\t\t<section class=\"elementor-section elementor-inner-section elementor-element elementor-element-000bf8b elementor-section-boxed elementor-section-height-default elementor-section-height-default\" data-id=\"000bf8b\" data-element_type=\"section\">\n\t\t\t\t\t\t<div class=\"elementor-container elementor-column-gap-default\">\n\t\t\t\t\t<div class=\"elementor-column elementor-col-100 elementor-inner-column elementor-element elementor-element-7cfba29\" data-id=\"7cfba29\" data-element_type=\"column\">\n\t\t\t<div class=\"elementor-widget-wrap elementor-element-populated\">\n\t\t\t\t\t\t<div class=\"elementor-element elementor-element-83972df elementor-invisible elementor-widget elementor-widget-image\" data-id=\"83972df\" data-element_type=\"widget\" data-settings=\"{&quot;_animation&quot;:&quot;slideInLeft&quot;}\" data-widget_type=\"image.default\">\n\t\t\t\t<div class=\"elementor-widget-container\">\n\t\t\t\t\t\t\t\t\t\t\t\t\t\t\t<img fetchpriority=\"high\" decoding=\"async\" width=\"1181\" height=\"667\" src=\"https:\/\/bioxxmed.ag\/wp-content\/uploads\/2022\/09\/strategie-AdobeStock_301436805_web-1.jpg\" class=\"attachment-full size-full wp-image-1092\" alt=\"\" srcset=\"https:\/\/bioxxmed.ag\/wp-content\/uploads\/2022\/09\/strategie-AdobeStock_301436805_web-1.jpg 1181w, https:\/\/bioxxmed.ag\/wp-content\/uploads\/2022\/09\/strategie-AdobeStock_301436805_web-1-300x169.jpg 300w, https:\/\/bioxxmed.ag\/wp-content\/uploads\/2022\/09\/strategie-AdobeStock_301436805_web-1-1024x578.jpg 1024w, https:\/\/bioxxmed.ag\/wp-content\/uploads\/2022\/09\/strategie-AdobeStock_301436805_web-1-768x434.jpg 768w, https:\/\/bioxxmed.ag\/wp-content\/uploads\/2022\/09\/strategie-AdobeStock_301436805_web-1-18x10.jpg 18w\" sizes=\"(max-width: 1181px) 100vw, 1181px\" \/>\t\t\t\t\t\t\t\t\t\t\t\t\t\t\t<\/div>\n\t\t\t\t<\/div>\n\t\t\t\t<div class=\"elementor-element elementor-element-b49d409 elementor-widget__width-initial elementor-absolute elementor-view-default elementor-invisible elementor-widget elementor-widget-icon\" data-id=\"b49d409\" data-element_type=\"widget\" data-settings=\"{&quot;_position&quot;:&quot;absolute&quot;,&quot;_animation&quot;:&quot;slideInRight&quot;}\" data-widget_type=\"icon.default\">\n\t\t\t\t<div class=\"elementor-widget-container\">\n\t\t\t\t\t\t\t<div class=\"elementor-icon-wrapper\">\n\t\t\t<div class=\"elementor-icon\">\n\t\t\t<i aria-hidden=\"true\" class=\"fas fa-circle\"><\/i>\t\t\t<\/div>\n\t\t<\/div>\n\t\t\t\t\t\t<\/div>\n\t\t\t\t<\/div>\n\t\t\t\t\t<\/div>\n\t\t<\/div>\n\t\t\t\t\t<\/div>\n\t\t<\/section>\n\t\t\t\t\t<\/div>\n\t\t<\/div>\n\t\t\t\t\t<\/div>\n\t\t<\/section>\n\t\t\t\t<\/div>","protected":false},"excerpt":{"rendered":"<p>Nachhaltige Werte schaffen Robuste Investitionen in Global Health Ziel der bioXXmed AG ist die Entwicklung innovativer Produkte zur Diagnose, Linderung oder Heilung von Krankheiten mit Investitionen in das Eigenkapital von Medizinunternehmen. Als Active-Owner erm\u00f6glicht die bioXXmed AG bahnbrechende Innovationen in der Biomedizin. So entstehen nachhaltige Werte f\u00fcr Aktion\u00e4re und Aktion\u00e4rinnen der bioXXmed AG, \u00a0die Patienten [&hellip;]<\/p>","protected":false},"author":2,"featured_media":0,"parent":0,"menu_order":0,"comment_status":"closed","ping_status":"closed","template":"","meta":{"_acf_changed":false,"inline_featured_image":false,"footnotes":""},"class_list":["post-574","page","type-page","status-publish","hentry"],"acf":[],"_links":{"self":[{"href":"https:\/\/bioxxmed.ag\/en\/wp-json\/wp\/v2\/pages\/574","targetHints":{"allow":["GET"]}}],"collection":[{"href":"https:\/\/bioxxmed.ag\/en\/wp-json\/wp\/v2\/pages"}],"about":[{"href":"https:\/\/bioxxmed.ag\/en\/wp-json\/wp\/v2\/types\/page"}],"author":[{"embeddable":true,"href":"https:\/\/bioxxmed.ag\/en\/wp-json\/wp\/v2\/users\/2"}],"replies":[{"embeddable":true,"href":"https:\/\/bioxxmed.ag\/en\/wp-json\/wp\/v2\/comments?post=574"}],"version-history":[{"count":25,"href":"https:\/\/bioxxmed.ag\/en\/wp-json\/wp\/v2\/pages\/574\/revisions"}],"predecessor-version":[{"id":1435,"href":"https:\/\/bioxxmed.ag\/en\/wp-json\/wp\/v2\/pages\/574\/revisions\/1435"}],"wp:attachment":[{"href":"https:\/\/bioxxmed.ag\/en\/wp-json\/wp\/v2\/media?parent=574"}],"curies":[{"name":"wp","href":"https:\/\/api.w.org\/{rel}","templated":true}]}}